{"id":3132,"date":"2022-05-06T18:58:17","date_gmt":"2022-05-06T18:58:17","guid":{"rendered":"https:\/\/onishka.org\/?page_id=3132"},"modified":"2022-06-29T14:22:40","modified_gmt":"2022-06-29T14:22:40","slug":"news","status":"publish","type":"page","link":"https:\/\/onishka.org\/en\/news\/","title":{"rendered":"news"},"content":{"rendered":"\t\t<div data-elementor-type=\"wp-page\" data-elementor-id=\"3132\" class=\"elementor elementor-3132 elementor-678\" data-elementor-post-type=\"page\">\n\t\t\t\t\t\t<nav class=\"elementor-section elementor-top-section elementor-element elementor-element-ca3d9c0 elementor-section-content-middle elementor-section-boxed elementor-section-height-default elementor-section-height-default\" data-id=\"ca3d9c0\" data-element_type=\"section\" data-e-type=\"section\" data-settings=\"{&quot;background_background&quot;:&quot;classic&quot;}\">\n\t\t\t\t\t\t<div class=\"elementor-container elementor-column-gap-no\">\n\t\t\t\t\t<div class=\"elementor-column elementor-col-100 elementor-top-column elementor-element elementor-element-49c4034\" data-id=\"49c4034\" data-element_type=\"column\" data-e-type=\"column\">\n\t\t\t<div class=\"elementor-widget-wrap elementor-element-populated\">\n\t\t\t\t\t\t<section class=\"elementor-section elementor-inner-section elementor-element elementor-element-645e014 elementor-section-boxed elementor-section-height-default elementor-section-height-default\" data-id=\"645e014\" data-element_type=\"section\" data-e-type=\"section\">\n\t\t\t\t\t\t<div class=\"elementor-container elementor-column-gap-default\">\n\t\t\t\t\t<div class=\"elementor-column elementor-col-100 elementor-inner-column elementor-element elementor-element-6117f70\" data-id=\"6117f70\" data-element_type=\"column\" data-e-type=\"column\">\n\t\t\t<div class=\"elementor-widget-wrap elementor-element-populated\">\n\t\t\t\t\t\t<div class=\"elementor-element elementor-element-6b45f51 elementor-posts--align-center elementor-grid-3 elementor-grid-tablet-2 elementor-grid-mobile-1 elementor-posts--thumbnail-top elementor-widget elementor-widget-posts\" data-id=\"6b45f51\" data-element_type=\"widget\" data-e-type=\"widget\" data-settings=\"{&quot;pagination_type&quot;:&quot;numbers_and_prev_next&quot;,&quot;classic_masonry&quot;:&quot;yes&quot;,&quot;classic_row_gap&quot;:{&quot;unit&quot;:&quot;px&quot;,&quot;size&quot;:60,&quot;sizes&quot;:[]},&quot;classic_columns&quot;:&quot;3&quot;,&quot;classic_columns_tablet&quot;:&quot;2&quot;,&quot;classic_columns_mobile&quot;:&quot;1&quot;,&quot;classic_row_gap_tablet&quot;:{&quot;unit&quot;:&quot;px&quot;,&quot;size&quot;:&quot;&quot;,&quot;sizes&quot;:[]},&quot;classic_row_gap_mobile&quot;:{&quot;unit&quot;:&quot;px&quot;,&quot;size&quot;:&quot;&quot;,&quot;sizes&quot;:[]}}\" data-widget_type=\"posts.classic\">\n\t\t\t\t<div class=\"elementor-widget-container\">\n\t\t\t\t\t\t\t<div class=\"elementor-posts-container elementor-posts elementor-posts--skin-classic elementor-grid\" role=\"list\">\n\t\t\t\t<article class=\"elementor-post elementor-grid-item post-4436 post type-post status-publish format-standard has-post-thumbnail hentry category-uncategorized\" role=\"listitem\">\n\t\t\t\t<a class=\"elementor-post__thumbnail__link\" href=\"https:\/\/onishka.org\/en\/2024\/05\/ingakuna1\/\" tabindex=\"-1\" >\n\t\t\t<div class=\"elementor-post__thumbnail\"><img fetchpriority=\"high\" decoding=\"async\" width=\"768\" height=\"546\" src=\"https:\/\/onishka.org\/wp-content\/uploads\/2024\/05\/ONI_website__estereo2-768x546.jpg\" class=\"attachment-medium_large size-medium_large wp-image-4433\" alt=\"\" srcset=\"https:\/\/onishka.org\/wp-content\/uploads\/2024\/05\/ONI_website__estereo2-768x546.jpg 768w, https:\/\/onishka.org\/wp-content\/uploads\/2024\/05\/ONI_website__estereo2-300x213.jpg 300w, https:\/\/onishka.org\/wp-content\/uploads\/2024\/05\/ONI_website__estereo2.jpg 900w\" sizes=\"(max-width: 768px) 100vw, 768px\" \/><\/div>\n\t\t<\/a>\n\t\t\t\t<div class=\"elementor-post__text\">\n\t\t\t\t<h3 class=\"elementor-post__title\">\n\t\t\t<a href=\"https:\/\/onishka.org\/en\/2024\/05\/ingakuna1\/\" >\n\t\t\t\tSupport Inga voices, reactivate Ingakuna Est\u00e9reo community radio\t\t\t<\/a>\n\t\t<\/h3>\n\t\t\t\t<\/div>\n\t\t\t\t<\/article>\n\t\t\t\t<article class=\"elementor-post elementor-grid-item post-4444 post type-post status-publish format-standard has-post-thumbnail hentry category-uncategorized\" role=\"listitem\">\n\t\t\t\t<a class=\"elementor-post__thumbnail__link\" href=\"https:\/\/onishka.org\/en\/2024\/05\/ingakuna_esp\/\" tabindex=\"-1\" >\n\t\t\t<div class=\"elementor-post__thumbnail\"><img decoding=\"async\" width=\"768\" height=\"546\" src=\"https:\/\/onishka.org\/wp-content\/uploads\/2024\/05\/ONI_website__estereoooa-768x546.jpg\" class=\"attachment-medium_large size-medium_large wp-image-4430\" alt=\"\" srcset=\"https:\/\/onishka.org\/wp-content\/uploads\/2024\/05\/ONI_website__estereoooa-768x546.jpg 768w, https:\/\/onishka.org\/wp-content\/uploads\/2024\/05\/ONI_website__estereoooa-300x213.jpg 300w, https:\/\/onishka.org\/wp-content\/uploads\/2024\/05\/ONI_website__estereoooa.jpg 900w\" sizes=\"(max-width: 768px) 100vw, 768px\" \/><\/div>\n\t\t<\/a>\n\t\t\t\t<div class=\"elementor-post__text\">\n\t\t\t\t<h3 class=\"elementor-post__title\">\n\t\t\t<a href=\"https:\/\/onishka.org\/en\/2024\/05\/ingakuna_esp\/\" >\n\t\t\t\tApoya las voces Inga, reactiva la emisora comunitaria Ingakuna Est\u00e9reo\t\t\t<\/a>\n\t\t<\/h3>\n\t\t\t\t<\/div>\n\t\t\t\t<\/article>\n\t\t\t\t<article class=\"elementor-post elementor-grid-item post-4349 post type-post status-publish format-standard has-post-thumbnail hentry category-uncategorized\" role=\"listitem\">\n\t\t\t\t<a class=\"elementor-post__thumbnail__link\" href=\"https:\/\/onishka.org\/en\/2024\/04\/aki-alpa-luchas-indigenas-solidaridad-indigena-en-las-americas\/\" tabindex=\"-1\" >\n\t\t\t<div class=\"elementor-post__thumbnail\"><img decoding=\"async\" width=\"768\" height=\"546\" src=\"https:\/\/onishka.org\/wp-content\/uploads\/2024\/04\/ONI_website__akialpa11-768x546.jpg\" class=\"attachment-medium_large size-medium_large wp-image-4327\" alt=\"\" srcset=\"https:\/\/onishka.org\/wp-content\/uploads\/2024\/04\/ONI_website__akialpa11-768x546.jpg 768w, https:\/\/onishka.org\/wp-content\/uploads\/2024\/04\/ONI_website__akialpa11-300x213.jpg 300w, https:\/\/onishka.org\/wp-content\/uploads\/2024\/04\/ONI_website__akialpa11.jpg 900w\" sizes=\"(max-width: 768px) 100vw, 768px\" \/><\/div>\n\t\t<\/a>\n\t\t\t\t<div class=\"elementor-post__text\">\n\t\t\t\t<h3 class=\"elementor-post__title\">\n\t\t\t<a href=\"https:\/\/onishka.org\/en\/2024\/04\/aki-alpa-luchas-indigenas-solidaridad-indigena-en-las-americas\/\" >\n\t\t\t\tAki \/ Alpa &#8211; Luchas ind\u00edgenas, solidaridad ind\u00edgena en las Am\u00e9ricas\t\t\t<\/a>\n\t\t<\/h3>\n\t\t\t\t<\/div>\n\t\t\t\t<\/article>\n\t\t\t\t<article class=\"elementor-post elementor-grid-item post-4322 post type-post status-publish format-standard has-post-thumbnail hentry category-uncategorized\" role=\"listitem\">\n\t\t\t\t<a class=\"elementor-post__thumbnail__link\" href=\"https:\/\/onishka.org\/en\/2024\/04\/akialpa2\/\" tabindex=\"-1\" >\n\t\t\t<div class=\"elementor-post__thumbnail\"><img decoding=\"async\" width=\"768\" height=\"546\" src=\"https:\/\/onishka.org\/wp-content\/uploads\/2024\/04\/ONI_website__akialpa11-768x546.jpg\" class=\"attachment-medium_large size-medium_large wp-image-4327\" alt=\"\" srcset=\"https:\/\/onishka.org\/wp-content\/uploads\/2024\/04\/ONI_website__akialpa11-768x546.jpg 768w, https:\/\/onishka.org\/wp-content\/uploads\/2024\/04\/ONI_website__akialpa11-300x213.jpg 300w, https:\/\/onishka.org\/wp-content\/uploads\/2024\/04\/ONI_website__akialpa11.jpg 900w\" sizes=\"(max-width: 768px) 100vw, 768px\" \/><\/div>\n\t\t<\/a>\n\t\t\t\t<div class=\"elementor-post__text\">\n\t\t\t\t<h3 class=\"elementor-post__title\">\n\t\t\t<a href=\"https:\/\/onishka.org\/en\/2024\/04\/akialpa2\/\" >\n\t\t\t\tAki \/ Alpa event &#8211; Indigenous struggles and solidarity in the Americas\t\t\t<\/a>\n\t\t<\/h3>\n\t\t\t\t<\/div>\n\t\t\t\t<\/article>\n\t\t\t\t<article class=\"elementor-post elementor-grid-item post-4360 post type-post status-publish format-standard has-post-thumbnail hentry category-uncategorized\" role=\"listitem\">\n\t\t\t\t<a class=\"elementor-post__thumbnail__link\" href=\"https:\/\/onishka.org\/en\/2024\/04\/article-waira\/\" tabindex=\"-1\" >\n\t\t\t<div class=\"elementor-post__thumbnail\"><img loading=\"lazy\" decoding=\"async\" width=\"768\" height=\"546\" src=\"https:\/\/onishka.org\/wp-content\/uploads\/2024\/05\/ONI_website__waira-768x546.jpg\" class=\"attachment-medium_large size-medium_large wp-image-4357\" alt=\"\" srcset=\"https:\/\/onishka.org\/wp-content\/uploads\/2024\/05\/ONI_website__waira-768x546.jpg 768w, https:\/\/onishka.org\/wp-content\/uploads\/2024\/05\/ONI_website__waira-300x213.jpg 300w, https:\/\/onishka.org\/wp-content\/uploads\/2024\/05\/ONI_website__waira.jpg 900w\" sizes=\"(max-width: 768px) 100vw, 768px\" \/><\/div>\n\t\t<\/a>\n\t\t\t\t<div class=\"elementor-post__text\">\n\t\t\t\t<h3 class=\"elementor-post__title\">\n\t\t\t<a href=\"https:\/\/onishka.org\/en\/2024\/04\/article-waira\/\" >\n\t\t\t\tArticle by Waira Nina &#8211; &#8216;Why do they persecute us?&#8217;\t\t\t<\/a>\n\t\t<\/h3>\n\t\t\t\t<\/div>\n\t\t\t\t<\/article>\n\t\t\t\t<article class=\"elementor-post elementor-grid-item post-4260 post type-post status-publish format-standard has-post-thumbnail hentry category-uncategorized\" role=\"listitem\">\n\t\t\t\t<a class=\"elementor-post__thumbnail__link\" href=\"https:\/\/onishka.org\/en\/2024\/03\/toute-lactualite-donishka-mars-2024\/\" tabindex=\"-1\" >\n\t\t\t<div class=\"elementor-post__thumbnail\"><img loading=\"lazy\" decoding=\"async\" width=\"768\" height=\"546\" src=\"https:\/\/onishka.org\/wp-content\/uploads\/2023\/08\/FormatActu_Onishka2023_NTafficheGO_1-768x546.jpg\" class=\"attachment-medium_large size-medium_large wp-image-4020\" alt=\"\" srcset=\"https:\/\/onishka.org\/wp-content\/uploads\/2023\/08\/FormatActu_Onishka2023_NTafficheGO_1-768x546.jpg 768w, https:\/\/onishka.org\/wp-content\/uploads\/2023\/08\/FormatActu_Onishka2023_NTafficheGO_1-300x213.jpg 300w, https:\/\/onishka.org\/wp-content\/uploads\/2023\/08\/FormatActu_Onishka2023_NTafficheGO_1.jpg 900w\" sizes=\"(max-width: 768px) 100vw, 768px\" \/><\/div>\n\t\t<\/a>\n\t\t\t\t<div class=\"elementor-post__text\">\n\t\t\t\t<h3 class=\"elementor-post__title\">\n\t\t\t<a href=\"https:\/\/onishka.org\/en\/2024\/03\/toute-lactualite-donishka-mars-2024\/\" >\n\t\t\t\tAll the latest news from ONISHKA &#8211; March, 2024\t\t\t<\/a>\n\t\t<\/h3>\n\t\t\t\t<\/div>\n\t\t\t\t<\/article>\n\t\t\t\t<article class=\"elementor-post elementor-grid-item post-4028 post type-post status-publish format-standard has-post-thumbnail hentry category-uncategorized\" role=\"listitem\">\n\t\t\t\t<a class=\"elementor-post__thumbnail__link\" href=\"https:\/\/onishka.org\/en\/2023\/08\/nigamon-tunai-to-premiere-at-espace-go-starting-may-14-2024\/\" tabindex=\"-1\" >\n\t\t\t<div class=\"elementor-post__thumbnail\"><img loading=\"lazy\" decoding=\"async\" width=\"768\" height=\"546\" src=\"https:\/\/onishka.org\/wp-content\/uploads\/2023\/08\/FormatActu_Onishka2023_NTafficheGO_1-768x546.jpg\" class=\"attachment-medium_large size-medium_large wp-image-4020\" alt=\"\" srcset=\"https:\/\/onishka.org\/wp-content\/uploads\/2023\/08\/FormatActu_Onishka2023_NTafficheGO_1-768x546.jpg 768w, https:\/\/onishka.org\/wp-content\/uploads\/2023\/08\/FormatActu_Onishka2023_NTafficheGO_1-300x213.jpg 300w, https:\/\/onishka.org\/wp-content\/uploads\/2023\/08\/FormatActu_Onishka2023_NTafficheGO_1.jpg 900w\" sizes=\"(max-width: 768px) 100vw, 768px\" \/><\/div>\n\t\t<\/a>\n\t\t\t\t<div class=\"elementor-post__text\">\n\t\t\t\t<h3 class=\"elementor-post__title\">\n\t\t\t<a href=\"https:\/\/onishka.org\/en\/2023\/08\/nigamon-tunai-to-premiere-at-espace-go-starting-may-14-2024\/\" >\n\t\t\t\tNigamon\/Tunai, to premiere at Espace Go, starting May 14, 2024\t\t\t<\/a>\n\t\t<\/h3>\n\t\t\t\t<\/div>\n\t\t\t\t<\/article>\n\t\t\t\t<article class=\"elementor-post elementor-grid-item post-3999 post type-post status-publish format-standard has-post-thumbnail hentry category-uncategorized\" role=\"listitem\">\n\t\t\t\t<a class=\"elementor-post__thumbnail__link\" href=\"https:\/\/onishka.org\/en\/2023\/08\/critical-reception-of-marguerite-le-feu-at-festival-davignon\/\" tabindex=\"-1\" >\n\t\t\t<div class=\"elementor-post__thumbnail\"><img loading=\"lazy\" decoding=\"async\" width=\"768\" height=\"546\" src=\"https:\/\/onishka.org\/wp-content\/uploads\/2022\/09\/Onishka2023__MargueriteAvignon_creditPascalGelyHansLucas_003-1-768x546.jpg\" class=\"attachment-medium_large size-medium_large wp-image-3984\" alt=\"\" srcset=\"https:\/\/onishka.org\/wp-content\/uploads\/2022\/09\/Onishka2023__MargueriteAvignon_creditPascalGelyHansLucas_003-1-768x546.jpg 768w, https:\/\/onishka.org\/wp-content\/uploads\/2022\/09\/Onishka2023__MargueriteAvignon_creditPascalGelyHansLucas_003-1-300x213.jpg 300w, https:\/\/onishka.org\/wp-content\/uploads\/2022\/09\/Onishka2023__MargueriteAvignon_creditPascalGelyHansLucas_003-1.jpg 900w\" sizes=\"(max-width: 768px) 100vw, 768px\" \/><\/div>\n\t\t<\/a>\n\t\t\t\t<div class=\"elementor-post__text\">\n\t\t\t\t<h3 class=\"elementor-post__title\">\n\t\t\t<a href=\"https:\/\/onishka.org\/en\/2023\/08\/critical-reception-of-marguerite-le-feu-at-festival-davignon\/\" >\n\t\t\t\tCritical reception of Marguerite : le feu at Festival d&#8217;Avignon\t\t\t<\/a>\n\t\t<\/h3>\n\t\t\t\t<\/div>\n\t\t\t\t<\/article>\n\t\t\t\t<article class=\"elementor-post elementor-grid-item post-3829 post type-post status-publish format-standard has-post-thumbnail hentry category-uncategorized\" role=\"listitem\">\n\t\t\t\t<a class=\"elementor-post__thumbnail__link\" href=\"https:\/\/onishka.org\/en\/2023\/06\/3829\/\" tabindex=\"-1\" >\n\t\t\t<div class=\"elementor-post__thumbnail\"><img loading=\"lazy\" decoding=\"async\" width=\"768\" height=\"546\" src=\"https:\/\/onishka.org\/wp-content\/uploads\/2023\/06\/FormatActu_Onishka2023.NigamonTunai_postFTA2023_h-768x546.jpg\" class=\"attachment-medium_large size-medium_large wp-image-3825\" alt=\"\" srcset=\"https:\/\/onishka.org\/wp-content\/uploads\/2023\/06\/FormatActu_Onishka2023.NigamonTunai_postFTA2023_h-768x546.jpg 768w, https:\/\/onishka.org\/wp-content\/uploads\/2023\/06\/FormatActu_Onishka2023.NigamonTunai_postFTA2023_h-300x213.jpg 300w, https:\/\/onishka.org\/wp-content\/uploads\/2023\/06\/FormatActu_Onishka2023.NigamonTunai_postFTA2023_h.jpg 900w\" sizes=\"(max-width: 768px) 100vw, 768px\" \/><\/div>\n\t\t<\/a>\n\t\t\t\t<div class=\"elementor-post__text\">\n\t\t\t\t<h3 class=\"elementor-post__title\">\n\t\t\t<a href=\"https:\/\/onishka.org\/en\/2023\/06\/3829\/\" >\n\t\t\t\tAcknowledgements for Nigamon\/Tunai at FTA 2023\t\t\t<\/a>\n\t\t<\/h3>\n\t\t\t\t<\/div>\n\t\t\t\t<\/article>\n\t\t\t\t<article class=\"elementor-post elementor-grid-item post-3806 post type-post status-publish format-standard has-post-thumbnail hentry category-uncategorized\" role=\"listitem\">\n\t\t\t\t<a class=\"elementor-post__thumbnail__link\" href=\"https:\/\/onishka.org\/en\/2023\/05\/work-in-progress-nigamon-tunai-fta2023-2\/\" tabindex=\"-1\" >\n\t\t\t<div class=\"elementor-post__thumbnail\"><img loading=\"lazy\" decoding=\"async\" width=\"768\" height=\"546\" src=\"https:\/\/onishka.org\/wp-content\/uploads\/2023\/05\/FormatActu_Onishka2023_nigamon01-768x546.jpg\" class=\"attachment-medium_large size-medium_large wp-image-3833\" alt=\"\" srcset=\"https:\/\/onishka.org\/wp-content\/uploads\/2023\/05\/FormatActu_Onishka2023_nigamon01-768x546.jpg 768w, https:\/\/onishka.org\/wp-content\/uploads\/2023\/05\/FormatActu_Onishka2023_nigamon01-300x213.jpg 300w, https:\/\/onishka.org\/wp-content\/uploads\/2023\/05\/FormatActu_Onishka2023_nigamon01.jpg 900w\" sizes=\"(max-width: 768px) 100vw, 768px\" \/><\/div>\n\t\t<\/a>\n\t\t\t\t<div class=\"elementor-post__text\">\n\t\t\t\t<h3 class=\"elementor-post__title\">\n\t\t\t<a href=\"https:\/\/onishka.org\/en\/2023\/05\/work-in-progress-nigamon-tunai-fta2023-2\/\" >\n\t\t\t\tA work-in-progress of Nigamon\/Tunai at FTA 2023\t\t\t<\/a>\n\t\t<\/h3>\n\t\t\t\t<\/div>\n\t\t\t\t<\/article>\n\t\t\t\t<article class=\"elementor-post elementor-grid-item post-3618 post type-post status-publish format-standard has-post-thumbnail hentry category-uncategorized\" role=\"listitem\">\n\t\t\t\t<a class=\"elementor-post__thumbnail__link\" href=\"https:\/\/onishka.org\/en\/2023\/04\/marguerite-le-feu-to-be-performed-at-festival-davignon-2023\/\" tabindex=\"-1\" >\n\t\t\t<div class=\"elementor-post__thumbnail\"><img loading=\"lazy\" decoding=\"async\" width=\"768\" height=\"546\" src=\"https:\/\/onishka.org\/wp-content\/uploads\/2023\/04\/FormatActu_Onishka2023_marguerite01-768x546.jpg\" class=\"attachment-medium_large size-medium_large wp-image-3623\" alt=\"\" srcset=\"https:\/\/onishka.org\/wp-content\/uploads\/2023\/04\/FormatActu_Onishka2023_marguerite01-768x546.jpg 768w, https:\/\/onishka.org\/wp-content\/uploads\/2023\/04\/FormatActu_Onishka2023_marguerite01-300x213.jpg 300w, https:\/\/onishka.org\/wp-content\/uploads\/2023\/04\/FormatActu_Onishka2023_marguerite01.jpg 900w\" sizes=\"(max-width: 768px) 100vw, 768px\" \/><\/div>\n\t\t<\/a>\n\t\t\t\t<div class=\"elementor-post__text\">\n\t\t\t\t<h3 class=\"elementor-post__title\">\n\t\t\t<a href=\"https:\/\/onishka.org\/en\/2023\/04\/marguerite-le-feu-to-be-performed-at-festival-davignon-2023\/\" >\n\t\t\t\tMarguerite : le feu to be performed at Festival d\u2019Avignon 2023\t\t\t<\/a>\n\t\t<\/h3>\n\t\t\t\t<\/div>\n\t\t\t\t<\/article>\n\t\t\t\t<article class=\"elementor-post elementor-grid-item post-3612 post type-post status-publish format-standard has-post-thumbnail hentry category-uncategorized\" role=\"listitem\">\n\t\t\t\t<a class=\"elementor-post__thumbnail__link\" href=\"https:\/\/onishka.org\/en\/2023\/04\/marguerite-le-feu-in-bookstores\/\" tabindex=\"-1\" >\n\t\t\t<div class=\"elementor-post__thumbnail\"><img loading=\"lazy\" decoding=\"async\" width=\"768\" height=\"546\" src=\"https:\/\/onishka.org\/wp-content\/uploads\/2023\/04\/FormatActu_Onishka2023-livreMARGUERITE-1-768x546.jpg\" class=\"attachment-medium_large size-medium_large wp-image-3613\" alt=\"\" srcset=\"https:\/\/onishka.org\/wp-content\/uploads\/2023\/04\/FormatActu_Onishka2023-livreMARGUERITE-1-768x546.jpg 768w, https:\/\/onishka.org\/wp-content\/uploads\/2023\/04\/FormatActu_Onishka2023-livreMARGUERITE-1-300x213.jpg 300w, https:\/\/onishka.org\/wp-content\/uploads\/2023\/04\/FormatActu_Onishka2023-livreMARGUERITE-1.jpg 900w\" sizes=\"(max-width: 768px) 100vw, 768px\" \/><\/div>\n\t\t<\/a>\n\t\t\t\t<div class=\"elementor-post__text\">\n\t\t\t\t<h3 class=\"elementor-post__title\">\n\t\t\t<a href=\"https:\/\/onishka.org\/en\/2023\/04\/marguerite-le-feu-in-bookstores\/\" >\n\t\t\t\tMarguerite : le feu in bookstores\t\t\t<\/a>\n\t\t<\/h3>\n\t\t\t\t<\/div>\n\t\t\t\t<\/article>\n\t\t\t\t<\/div>\n\t\t\n\t\t\t\t<div class=\"e-load-more-anchor\" data-page=\"1\" data-max-page=\"5\" data-next-page=\"https:\/\/onishka.org\/en\/wp-json\/wp\/v2\/pages\/3132\/page\/2\/\"><\/div>\n\t\t\t\t<nav class=\"elementor-pagination\" aria-label=\"Pagination\">\n\t\t\t<span class=\"page-numbers prev\">&laquo; Previous<\/span>\n<span aria-current=\"page\" class=\"page-numbers current\"><span class=\"elementor-screen-only\">Page<\/span>1<\/span>\n<a class=\"page-numbers\" href=\"https:\/\/onishka.org\/en\/wp-json\/wp\/v2\/pages\/3132\/page\/2\/\"><span class=\"elementor-screen-only\">Page<\/span>2<\/a>\n<a class=\"page-numbers\" href=\"https:\/\/onishka.org\/en\/wp-json\/wp\/v2\/pages\/3132\/page\/3\/\"><span class=\"elementor-screen-only\">Page<\/span>3<\/a>\n<a class=\"page-numbers\" href=\"https:\/\/onishka.org\/en\/wp-json\/wp\/v2\/pages\/3132\/page\/4\/\"><span class=\"elementor-screen-only\">Page<\/span>4<\/a>\n<a class=\"page-numbers\" href=\"https:\/\/onishka.org\/en\/wp-json\/wp\/v2\/pages\/3132\/page\/5\/\"><span class=\"elementor-screen-only\">Page<\/span>5<\/a>\n<a class=\"page-numbers next\" href=\"https:\/\/onishka.org\/en\/wp-json\/wp\/v2\/pages\/3132\/page\/2\/\">Next &raquo;<\/a>\t\t<\/nav>\n\t\t\t\t\t\t<\/div>\n\t\t\t\t<\/div>\n\t\t\t\t\t<\/div>\n\t\t<\/div>\n\t\t\t\t\t<\/div>\n\t\t<\/section>\n\t\t\t\t\t<\/div>\n\t\t<\/div>\n\t\t\t\t\t<\/div>\n\t\t<\/nav>\n\t\t\t\t<\/div>\n\t\t","protected":false},"excerpt":{"rendered":"","protected":false},"author":1,"featured_media":0,"parent":0,"menu_order":0,"comment_status":"closed","ping_status":"closed","template":"elementor_header_footer","meta":{"site-sidebar-layout":"no-sidebar","site-content-layout":"page-builder","ast-site-content-layout":"default","site-content-style":"default","site-sidebar-style":"default","ast-global-header-display":"","ast-banner-title-visibility":"","ast-main-header-display":"","ast-hfb-above-header-display":"","ast-hfb-below-header-display":"","ast-hfb-mobile-header-display":"","site-post-title":"disabled","ast-breadcrumbs-content":"","ast-featured-img":"disabled","footer-sml-layout":"","ast-disable-related-posts":"","theme-transparent-header-meta":"default","adv-header-id-meta":"","stick-header-meta":"","header-above-stick-meta":"","header-main-stick-meta":"","header-below-stick-meta":"","astra-migrate-meta-layouts":"default","ast-page-background-enabled":"default","ast-page-background-meta":{"desktop":{"background-color":"","background-image":"","background-repeat":"repeat","background-position":"center center","background-size":"auto","background-attachment":"scroll","background-type":"","background-media":"","overlay-type":"","overlay-color":"","overlay-opacity":"","overlay-gradient":""},"tablet":{"background-color":"","background-image":"","background-repeat":"repeat","background-position":"center center","background-size":"auto","background-attachment":"scroll","background-type":"","background-media":"","overlay-type":"","overlay-color":"","overlay-opacity":"","overlay-gradient":""},"mobile":{"background-color":"","background-image":"","background-repeat":"repeat","background-position":"center center","background-size":"auto","background-attachment":"scroll","background-type":"","background-media":"","overlay-type":"","overlay-color":"","overlay-opacity":"","overlay-gradient":""}},"ast-content-background-meta":{"desktop":{"background-color":"var(--ast-global-color-5)","background-image":"","background-repeat":"repeat","background-position":"center center","background-size":"auto","background-attachment":"scroll","background-type":"","background-media":"","overlay-type":"","overlay-color":"","overlay-opacity":"","overlay-gradient":""},"tablet":{"background-color":"var(--ast-global-color-5)","background-image":"","background-repeat":"repeat","background-position":"center center","background-size":"auto","background-attachment":"scroll","background-type":"","background-media":"","overlay-type":"","overlay-color":"","overlay-opacity":"","overlay-gradient":""},"mobile":{"background-color":"var(--ast-global-color-5)","background-image":"","background-repeat":"repeat","background-position":"center center","background-size":"auto","background-attachment":"scroll","background-type":"","background-media":"","overlay-type":"","overlay-color":"","overlay-opacity":"","overlay-gradient":""}},"footnotes":""},"class_list":["post-3132","page","type-page","status-publish","hentry"],"_links":{"self":[{"href":"https:\/\/onishka.org\/en\/wp-json\/wp\/v2\/pages\/3132","targetHints":{"allow":["GET"]}}],"collection":[{"href":"https:\/\/onishka.org\/en\/wp-json\/wp\/v2\/pages"}],"about":[{"href":"https:\/\/onishka.org\/en\/wp-json\/wp\/v2\/types\/page"}],"author":[{"embeddable":true,"href":"https:\/\/onishka.org\/en\/wp-json\/wp\/v2\/users\/1"}],"replies":[{"embeddable":true,"href":"https:\/\/onishka.org\/en\/wp-json\/wp\/v2\/comments?post=3132"}],"version-history":[{"count":5,"href":"https:\/\/onishka.org\/en\/wp-json\/wp\/v2\/pages\/3132\/revisions"}],"predecessor-version":[{"id":3457,"href":"https:\/\/onishka.org\/en\/wp-json\/wp\/v2\/pages\/3132\/revisions\/3457"}],"wp:attachment":[{"href":"https:\/\/onishka.org\/en\/wp-json\/wp\/v2\/media?parent=3132"}],"curies":[{"name":"wp","href":"https:\/\/api.w.org\/{rel}","templated":true}]}}