{"id":3119,"date":"2022-05-06T18:41:44","date_gmt":"2022-05-06T18:41:44","guid":{"rendered":"https:\/\/onishka.org\/?page_id=3119"},"modified":"2022-06-29T14:22:28","modified_gmt":"2022-06-29T14:22:28","slug":"about","status":"publish","type":"page","link":"https:\/\/onishka.org\/en\/about\/","title":{"rendered":"about"},"content":{"rendered":"\t\t<div data-elementor-type=\"wp-page\" data-elementor-id=\"3119\" class=\"elementor elementor-3119 elementor-876\" data-elementor-post-type=\"page\">\n\t\t\t\t\t\t<nav class=\"elementor-section elementor-top-section elementor-element elementor-element-42bb2cb7 elementor-section-content-middle elementor-section-boxed elementor-section-height-default elementor-section-height-default\" data-id=\"42bb2cb7\" data-element_type=\"section\" data-e-type=\"section\" data-settings=\"{&quot;background_background&quot;:&quot;classic&quot;}\">\n\t\t\t\t\t\t<div class=\"elementor-container elementor-column-gap-no\">\n\t\t\t\t\t<div class=\"elementor-column elementor-col-100 elementor-top-column elementor-element elementor-element-1e898f6d\" data-id=\"1e898f6d\" data-element_type=\"column\" data-e-type=\"column\">\n\t\t\t<div class=\"elementor-widget-wrap elementor-element-populated\">\n\t\t\t\t\t\t<div class=\"elementor-element elementor-element-f32c41c elementor-widget elementor-widget-image\" data-id=\"f32c41c\" data-element_type=\"widget\" data-e-type=\"widget\" data-widget_type=\"image.default\">\n\t\t\t\t<div class=\"elementor-widget-container\">\n\t\t\t\t\t\t\t\t\t\t\t\t\t\t\t<img fetchpriority=\"high\" decoding=\"async\" width=\"1200\" height=\"800\" src=\"https:\/\/onishka.org\/wp-content\/uploads\/2020\/08\/ttwbd-Adrian_Morillo_Fonderie-Darling_Montreal-149.jpg\" class=\"attachment-full size-full wp-image-360\" alt=\"\" srcset=\"https:\/\/onishka.org\/wp-content\/uploads\/2020\/08\/ttwbd-Adrian_Morillo_Fonderie-Darling_Montreal-149.jpg 1200w, https:\/\/onishka.org\/wp-content\/uploads\/2020\/08\/ttwbd-Adrian_Morillo_Fonderie-Darling_Montreal-149-300x200.jpg 300w, https:\/\/onishka.org\/wp-content\/uploads\/2020\/08\/ttwbd-Adrian_Morillo_Fonderie-Darling_Montreal-149-1024x683.jpg 1024w, https:\/\/onishka.org\/wp-content\/uploads\/2020\/08\/ttwbd-Adrian_Morillo_Fonderie-Darling_Montreal-149-768x512.jpg 768w\" sizes=\"(max-width: 1200px) 100vw, 1200px\" \/>\t\t\t\t\t\t\t\t\t\t\t\t\t\t\t<\/div>\n\t\t\t\t<\/div>\n\t\t\t\t<div class=\"elementor-element elementor-element-a69f732 elementor-widget elementor-widget-heading\" data-id=\"a69f732\" data-element_type=\"widget\" data-e-type=\"widget\" data-widget_type=\"heading.default\">\n\t\t\t\t<div class=\"elementor-widget-container\">\n\t\t\t\t\t<h6 class=\"elementor-heading-title elementor-size-default\"><em>This Time Will Be Different<\/em> \u00a9 Adrian Morillo<br>\nsc\u00e8ne contemporaine autochtone\/offta 2017<br>\nJayden Blacksmith, Joy Blacksmith and Glenna Matoush<\/h6>\t\t\t\t<\/div>\n\t\t\t\t<\/div>\n\t\t\t\t<section class=\"elementor-section elementor-inner-section elementor-element elementor-element-b176117 elementor-section-boxed elementor-section-height-default elementor-section-height-default\" data-id=\"b176117\" data-element_type=\"section\" data-e-type=\"section\">\n\t\t\t\t\t\t<div class=\"elementor-container elementor-column-gap-default\">\n\t\t\t\t\t<div class=\"elementor-column elementor-col-100 elementor-inner-column elementor-element elementor-element-7ee4986\" data-id=\"7ee4986\" data-element_type=\"column\" data-e-type=\"column\">\n\t\t\t<div class=\"elementor-widget-wrap elementor-element-populated\">\n\t\t\t\t\t\t<div class=\"elementor-element elementor-element-17f03c2 elementor-widget__width-auto elementor-widget elementor-widget-heading\" data-id=\"17f03c2\" data-element_type=\"widget\" data-e-type=\"widget\" data-widget_type=\"heading.default\">\n\t\t\t\t<div class=\"elementor-widget-container\">\n\t\t\t\t\t<h1 class=\"elementor-heading-title elementor-size-default\">mandate<\/h1>\t\t\t\t<\/div>\n\t\t\t\t<\/div>\n\t\t\t\t\t<\/div>\n\t\t<\/div>\n\t\t\t\t\t<\/div>\n\t\t<\/section>\n\t\t\t\t<section class=\"elementor-section elementor-inner-section elementor-element elementor-element-3be82b59 elementor-section-boxed elementor-section-height-default elementor-section-height-default\" data-id=\"3be82b59\" data-element_type=\"section\" data-e-type=\"section\">\n\t\t\t\t\t\t<div class=\"elementor-container elementor-column-gap-default\">\n\t\t\t\t\t<div class=\"elementor-column elementor-col-50 elementor-inner-column elementor-element elementor-element-1d216107\" data-id=\"1d216107\" data-element_type=\"column\" data-e-type=\"column\">\n\t\t\t<div class=\"elementor-widget-wrap elementor-element-populated\">\n\t\t\t\t\t\t<div class=\"elementor-element elementor-element-40d64e6c elementor-widget elementor-widget-text-editor\" data-id=\"40d64e6c\" data-element_type=\"widget\" data-e-type=\"widget\" data-widget_type=\"text-editor.default\">\n\t\t\t\t<div class=\"elementor-widget-container\">\n\t\t\t\t\t\t\t\t\t<p>Onishka Productions is a Montreal-based interdisciplinary arts organisation that creates bridges between indigenous peoples worldwide while honoring their diversity, richness and resilience.<\/p>\t\t\t\t\t\t\t\t<\/div>\n\t\t\t\t<\/div>\n\t\t\t\t<div class=\"elementor-element elementor-element-103a001f elementor-widget-divider--view-line elementor-widget elementor-widget-divider\" data-id=\"103a001f\" data-element_type=\"widget\" data-e-type=\"widget\" data-widget_type=\"divider.default\">\n\t\t\t\t<div class=\"elementor-widget-container\">\n\t\t\t\t\t\t\t<div class=\"elementor-divider\">\n\t\t\t<span class=\"elementor-divider-separator\">\n\t\t\t\t\t\t<\/span>\n\t\t<\/div>\n\t\t\t\t\t\t<\/div>\n\t\t\t\t<\/div>\n\t\t\t\t\t<\/div>\n\t\t<\/div>\n\t\t\t\t<div class=\"elementor-column elementor-col-50 elementor-inner-column elementor-element elementor-element-6f9c8f8f\" data-id=\"6f9c8f8f\" data-element_type=\"column\" data-e-type=\"column\">\n\t\t\t<div class=\"elementor-widget-wrap elementor-element-populated\">\n\t\t\t\t\t\t<div class=\"elementor-element elementor-element-4fc8a741 elementor-widget elementor-widget-text-editor\" data-id=\"4fc8a741\" data-element_type=\"widget\" data-e-type=\"widget\" data-widget_type=\"text-editor.default\">\n\t\t\t\t<div class=\"elementor-widget-container\">\n\t\t\t\t\t\t\t\t\t<p>Founded by Emilie Monnet, Onishka Productions creates and presents performance-based productions and collaborations. ONISHKA means \u2018wake up!\u2019 in Anishnabemowin. In this spirit, we believe that indigenous cosmologies provide pathways towards sustainable communities. Through artistic expression, we can challenge and transform the world we live in.<\/p>\t\t\t\t\t\t\t\t<\/div>\n\t\t\t\t<\/div>\n\t\t\t\t<div class=\"elementor-element elementor-element-10e3f930 elementor-widget-divider--view-line elementor-widget elementor-widget-divider\" data-id=\"10e3f930\" data-element_type=\"widget\" data-e-type=\"widget\" data-widget_type=\"divider.default\">\n\t\t\t\t<div class=\"elementor-widget-container\">\n\t\t\t\t\t\t\t<div class=\"elementor-divider\">\n\t\t\t<span class=\"elementor-divider-separator\">\n\t\t\t\t\t\t<\/span>\n\t\t<\/div>\n\t\t\t\t\t\t<\/div>\n\t\t\t\t<\/div>\n\t\t\t\t\t<\/div>\n\t\t<\/div>\n\t\t\t\t\t<\/div>\n\t\t<\/section>\n\t\t\t\t<section class=\"elementor-section elementor-inner-section elementor-element elementor-element-436c1b9 elementor-section-boxed elementor-section-height-default elementor-section-height-default\" data-id=\"436c1b9\" data-element_type=\"section\" data-e-type=\"section\">\n\t\t\t\t\t\t<div class=\"elementor-container elementor-column-gap-default\">\n\t\t\t\t\t<div class=\"elementor-column elementor-col-100 elementor-inner-column elementor-element elementor-element-e7f4975\" data-id=\"e7f4975\" data-element_type=\"column\" data-e-type=\"column\">\n\t\t\t<div class=\"elementor-widget-wrap elementor-element-populated\">\n\t\t\t\t\t\t<div class=\"elementor-element elementor-element-e76d0fa elementor-widget__width-auto elementor-widget elementor-widget-heading\" data-id=\"e76d0fa\" data-element_type=\"widget\" data-e-type=\"widget\" data-widget_type=\"heading.default\">\n\t\t\t\t<div class=\"elementor-widget-container\">\n\t\t\t\t\t<h1 class=\"elementor-heading-title elementor-size-default\">artistic approach<\/h1>\t\t\t\t<\/div>\n\t\t\t\t<\/div>\n\t\t\t\t\t<\/div>\n\t\t<\/div>\n\t\t\t\t\t<\/div>\n\t\t<\/section>\n\t\t\t\t<section class=\"elementor-section elementor-inner-section elementor-element elementor-element-1d864bd elementor-section-boxed elementor-section-height-default elementor-section-height-default\" data-id=\"1d864bd\" data-element_type=\"section\" data-e-type=\"section\">\n\t\t\t\t\t\t<div class=\"elementor-container elementor-column-gap-default\">\n\t\t\t\t\t<div class=\"elementor-column elementor-col-50 elementor-inner-column elementor-element elementor-element-cdf9d09\" data-id=\"cdf9d09\" data-element_type=\"column\" data-e-type=\"column\">\n\t\t\t<div class=\"elementor-widget-wrap elementor-element-populated\">\n\t\t\t\t\t\t<div class=\"elementor-element elementor-element-a0c00db elementor-widget elementor-widget-text-editor\" data-id=\"a0c00db\" data-element_type=\"widget\" data-e-type=\"widget\" data-widget_type=\"text-editor.default\">\n\t\t\t\t<div class=\"elementor-widget-container\">\n\t\t\t\t\t\t\t\t\t<p>Anchored in Tiohti\u00e0:ke\/Mooniyang\/Montreal, the interdisciplinary artistic company Onishka &#8211; whose name means &#8220;wake up&#8221; in Anishnabemowin &#8211; weaves interconnections between Aboriginal peoples in Quebec, throughout Canada and around the world. The creators of each of the company&#8217;s projects work together to develop a way of relating to the world that draws on the full range of philosophies, practices and knowledge from the artist\u2019s diverse heritage.<\/p><p>Onishka&#8217;s creative processes are often collaborative. Frequently calling upon knowledge keepers, Onishka\u2019s intergenerational processes are characterized by presence, listening and care for what surrounds us. Artistic practices are not compartmentalized but intermingle with each other.<\/p><p>In Onishka&#8217;s creative processes, the relationships that emerge in the world tend to be horizontal. The ways of doing and knowing are non-linear and are based on an ongoing interaction between the artists involved, their communities and their territories and involve a corporeal and multi-sensory practice.<\/p>\t\t\t\t\t\t\t\t<\/div>\n\t\t\t\t<\/div>\n\t\t\t\t<div class=\"elementor-element elementor-element-80a4740 elementor-widget-divider--view-line elementor-widget elementor-widget-divider\" data-id=\"80a4740\" data-element_type=\"widget\" data-e-type=\"widget\" data-widget_type=\"divider.default\">\n\t\t\t\t<div class=\"elementor-widget-container\">\n\t\t\t\t\t\t\t<div class=\"elementor-divider\">\n\t\t\t<span class=\"elementor-divider-separator\">\n\t\t\t\t\t\t<\/span>\n\t\t<\/div>\n\t\t\t\t\t\t<\/div>\n\t\t\t\t<\/div>\n\t\t\t\t\t<\/div>\n\t\t<\/div>\n\t\t\t\t<div class=\"elementor-column elementor-col-50 elementor-inner-column elementor-element elementor-element-0531998\" data-id=\"0531998\" data-element_type=\"column\" data-e-type=\"column\">\n\t\t\t<div class=\"elementor-widget-wrap elementor-element-populated\">\n\t\t\t\t\t\t<div class=\"elementor-element elementor-element-8d933cd elementor-widget elementor-widget-text-editor\" data-id=\"8d933cd\" data-element_type=\"widget\" data-e-type=\"widget\" data-widget_type=\"text-editor.default\">\n\t\t\t\t<div class=\"elementor-widget-container\">\n\t\t\t\t\t\t\t\t\t<p>Onishka&#8217;s creations amplify the voices of Aboriginal people by generating a sense of intimacy and interdependence. The audience is not a spectator but a witness; they are offered a shared experience based on mutual reciprocity. Onishka&#8217;s creations invoke the experiential presence of the territory, often making use of sound documentation and integrating excerpts from audio recordings of interviews. In the resulting performances, the nuances and relationships that develop between parties are audible, for example, in the sound of sipping tea.<\/p><p>Several of Onishka&#8217;s projects have emerged from dreams which bridge the world of the invisible and the visible. The dream world is a very fertile creative ground for \u00c9milie Monnet and keeping a dream journal is an integral part of her artistic practice. In Algonquin languages, such as Anishnabemowin, there is a mode of conjugation of verbs corresponding to dreams. This is as important as the present, the past and the future, in other words \u201cwaking life.\u201d<\/p>\t\t\t\t\t\t\t\t<\/div>\n\t\t\t\t<\/div>\n\t\t\t\t<div class=\"elementor-element elementor-element-3ad03b8 elementor-widget-divider--view-line elementor-widget elementor-widget-divider\" data-id=\"3ad03b8\" data-element_type=\"widget\" data-e-type=\"widget\" data-widget_type=\"divider.default\">\n\t\t\t\t<div class=\"elementor-widget-container\">\n\t\t\t\t\t\t\t<div class=\"elementor-divider\">\n\t\t\t<span class=\"elementor-divider-separator\">\n\t\t\t\t\t\t<\/span>\n\t\t<\/div>\n\t\t\t\t\t\t<\/div>\n\t\t\t\t<\/div>\n\t\t\t\t\t<\/div>\n\t\t<\/div>\n\t\t\t\t\t<\/div>\n\t\t<\/section>\n\t\t\t\t<div class=\"elementor-element elementor-element-60dd9b7 elementor-widget elementor-widget-image\" data-id=\"60dd9b7\" data-element_type=\"widget\" data-e-type=\"widget\" data-widget_type=\"image.default\">\n\t\t\t\t<div class=\"elementor-widget-container\">\n\t\t\t\t\t\t\t\t\t\t\t\t\t\t\t<img decoding=\"async\" width=\"1200\" height=\"436\" src=\"https:\/\/onishka.org\/wp-content\/uploads\/2020\/09\/bandeau-demarche.jpg\" class=\"attachment-full size-full wp-image-886\" alt=\"\" srcset=\"https:\/\/onishka.org\/wp-content\/uploads\/2020\/09\/bandeau-demarche.jpg 1200w, https:\/\/onishka.org\/wp-content\/uploads\/2020\/09\/bandeau-demarche-300x109.jpg 300w, https:\/\/onishka.org\/wp-content\/uploads\/2020\/09\/bandeau-demarche-1024x372.jpg 1024w, https:\/\/onishka.org\/wp-content\/uploads\/2020\/09\/bandeau-demarche-768x279.jpg 768w\" sizes=\"(max-width: 1200px) 100vw, 1200px\" \/>\t\t\t\t\t\t\t\t\t\t\t\t\t\t\t<\/div>\n\t\t\t\t<\/div>\n\t\t\t\t<div class=\"elementor-element elementor-element-b08a192 elementor-widget elementor-widget-heading\" data-id=\"b08a192\" data-element_type=\"widget\" data-e-type=\"widget\" data-widget_type=\"heading.default\">\n\t\t\t\t<div class=\"elementor-widget-container\">\n\t\t\t\t\t<h6 class=\"elementor-heading-title elementor-size-default\">\u00a9 Benjamin Jacanamijoy T.<\/h6>\t\t\t\t<\/div>\n\t\t\t\t<\/div>\n\t\t\t\t<section class=\"elementor-section elementor-inner-section elementor-element elementor-element-d5fbc3f elementor-section-boxed elementor-section-height-default elementor-section-height-default\" data-id=\"d5fbc3f\" data-element_type=\"section\" data-e-type=\"section\">\n\t\t\t\t\t\t<div class=\"elementor-container elementor-column-gap-default\">\n\t\t\t\t\t<div class=\"elementor-column elementor-col-100 elementor-inner-column elementor-element elementor-element-273d684\" data-id=\"273d684\" data-element_type=\"column\" data-e-type=\"column\">\n\t\t\t<div class=\"elementor-widget-wrap elementor-element-populated\">\n\t\t\t\t\t\t<div class=\"elementor-element elementor-element-66a0f35 elementor-widget__width-auto elementor-widget elementor-widget-heading\" data-id=\"66a0f35\" data-element_type=\"widget\" data-e-type=\"widget\" data-widget_type=\"heading.default\">\n\t\t\t\t<div class=\"elementor-widget-container\">\n\t\t\t\t\t<h1 class=\"elementor-heading-title elementor-size-default\">\u00e9milie monnet<\/h1>\t\t\t\t<\/div>\n\t\t\t\t<\/div>\n\t\t\t\t\t<\/div>\n\t\t<\/div>\n\t\t\t\t\t<\/div>\n\t\t<\/section>\n\t\t\t\t<section class=\"elementor-section elementor-inner-section elementor-element elementor-element-e6f52bf elementor-section-boxed elementor-section-height-default elementor-section-height-default\" data-id=\"e6f52bf\" data-element_type=\"section\" data-e-type=\"section\">\n\t\t\t\t\t\t<div class=\"elementor-container elementor-column-gap-default\">\n\t\t\t\t\t<div class=\"elementor-column elementor-col-50 elementor-inner-column elementor-element elementor-element-9ab5dfa\" data-id=\"9ab5dfa\" data-element_type=\"column\" data-e-type=\"column\">\n\t\t\t<div class=\"elementor-widget-wrap elementor-element-populated\">\n\t\t\t\t\t\t<div class=\"elementor-element elementor-element-b1c894c elementor-widget elementor-widget-text-editor\" data-id=\"b1c894c\" data-element_type=\"widget\" data-e-type=\"widget\" data-widget_type=\"text-editor.default\">\n\t\t\t\t<div class=\"elementor-widget-container\">\n\t\t\t\t\t\t\t\t\t<p>At the intersection of theatre, performance and sound, \u00c9milie Monnet&#8217;s work is most often presented in the form of interdisciplinary theatre or performative installations. Her artistic approach favors collaborative and multilingual creative processes, and explores themes of memory, history and transformation.<\/p>\t\t\t\t\t\t\t\t<\/div>\n\t\t\t\t<\/div>\n\t\t\t\t<div class=\"elementor-element elementor-element-bed548a elementor-widget-divider--view-line elementor-widget elementor-widget-divider\" data-id=\"bed548a\" data-element_type=\"widget\" data-e-type=\"widget\" data-widget_type=\"divider.default\">\n\t\t\t\t<div class=\"elementor-widget-container\">\n\t\t\t\t\t\t\t<div class=\"elementor-divider\">\n\t\t\t<span class=\"elementor-divider-separator\">\n\t\t\t\t\t\t<\/span>\n\t\t<\/div>\n\t\t\t\t\t\t<\/div>\n\t\t\t\t<\/div>\n\t\t\t\t\t<\/div>\n\t\t<\/div>\n\t\t\t\t<div class=\"elementor-column elementor-col-50 elementor-inner-column elementor-element elementor-element-2557b9a\" data-id=\"2557b9a\" data-element_type=\"column\" data-e-type=\"column\">\n\t\t\t<div class=\"elementor-widget-wrap elementor-element-populated\">\n\t\t\t\t\t\t<div class=\"elementor-element elementor-element-993162e elementor-widget elementor-widget-text-editor\" data-id=\"993162e\" data-element_type=\"widget\" data-e-type=\"widget\" data-widget_type=\"text-editor.default\">\n\t\t\t\t<div class=\"elementor-widget-container\">\n\t\t\t\t\t\t\t\t\t<p>A committed interdisciplinary artist, she founded Onishka Productions in 2011 in order to forge links between artists from different Aboriginal communities, regardless of their discipline. Since 2016, she has presented Indigenous Contemporary Scene \/ Sc\u00e8ne contemporaine autochtone, a nomadic platform for the dissemination of Aboriginal performing arts. Five editions have been created to date. She is currently completing a three-year residency at the Centre du Th\u00e9\u00e2tre d&#8217;Aujourd&#8217;hui where she will present her next creation Marguerite, after Okinum (2018) and Kiciweok: Lexique de treize mots autochtones qui donnent un sens (2019). As the Associate artist at the Th\u00e9\u00e2tre de la Ville in Longueuil, she will also be the next artist in residence at the Espace Go theatre. \u00c9milie is of Anishnaabe-Algonquin and French descent and currently lives between the Outaouais and Tiohti\u00e0:ke \/ Mooniyaang \/ Montreal.<\/p>\t\t\t\t\t\t\t\t<\/div>\n\t\t\t\t<\/div>\n\t\t\t\t<div class=\"elementor-element elementor-element-44a16db elementor-widget-divider--view-line elementor-widget elementor-widget-divider\" data-id=\"44a16db\" data-element_type=\"widget\" data-e-type=\"widget\" data-widget_type=\"divider.default\">\n\t\t\t\t<div class=\"elementor-widget-container\">\n\t\t\t\t\t\t\t<div class=\"elementor-divider\">\n\t\t\t<span class=\"elementor-divider-separator\">\n\t\t\t\t\t\t<\/span>\n\t\t<\/div>\n\t\t\t\t\t\t<\/div>\n\t\t\t\t<\/div>\n\t\t\t\t\t<\/div>\n\t\t<\/div>\n\t\t\t\t\t<\/div>\n\t\t<\/section>\n\t\t\t\t\t<\/div>\n\t\t<\/div>\n\t\t\t\t\t<\/div>\n\t\t<\/nav>\n\t\t\t\t<\/div>\n\t\t","protected":false},"excerpt":{"rendered":"<p>This Time Will Be Different \u00a9 Adrian Morillo sc\u00e8ne contemporaine autochtone\/offta 2017 Jayden Blacksmith, Joy Blacksmith and Glenna Matoush mandate Onishka Productions is a Montreal-based interdisciplinary arts organisation that creates bridges between indigenous peoples worldwide while honoring their diversity, richness and resilience. Founded by Emilie Monnet, Onishka Productions creates and presents performance-based productions and collaborations. [&hellip;]<\/p>\n","protected":false},"author":1,"featured_media":0,"parent":0,"menu_order":0,"comment_status":"closed","ping_status":"closed","template":"elementor_header_footer","meta":{"site-sidebar-layout":"no-sidebar","site-content-layout":"page-builder","ast-site-content-layout":"default","site-content-style":"default","site-sidebar-style":"default","ast-global-header-display":"","ast-banner-title-visibility":"","ast-main-header-display":"","ast-hfb-above-header-display":"","ast-hfb-below-header-display":"","ast-hfb-mobile-header-display":"","site-post-title":"disabled","ast-breadcrumbs-content":"","ast-featured-img":"disabled","footer-sml-layout":"","ast-disable-related-posts":"","theme-transparent-header-meta":"default","adv-header-id-meta":"","stick-header-meta":"","header-above-stick-meta":"","header-main-stick-meta":"","header-below-stick-meta":"","astra-migrate-meta-layouts":"default","ast-page-background-enabled":"default","ast-page-background-meta":{"desktop":{"background-color":"","background-image":"","background-repeat":"repeat","background-position":"center center","background-size":"auto","background-attachment":"scroll","background-type":"","background-media":"","overlay-type":"","overlay-color":"","overlay-opacity":"","overlay-gradient":""},"tablet":{"background-color":"","background-image":"","background-repeat":"repeat","background-position":"center center","background-size":"auto","background-attachment":"scroll","background-type":"","background-media":"","overlay-type":"","overlay-color":"","overlay-opacity":"","overlay-gradient":""},"mobile":{"background-color":"","background-image":"","background-repeat":"repeat","background-position":"center center","background-size":"auto","background-attachment":"scroll","background-type":"","background-media":"","overlay-type":"","overlay-color":"","overlay-opacity":"","overlay-gradient":""}},"ast-content-background-meta":{"desktop":{"background-color":"var(--ast-global-color-5)","background-image":"","background-repeat":"repeat","background-position":"center center","background-size":"auto","background-attachment":"scroll","background-type":"","background-media":"","overlay-type":"","overlay-color":"","overlay-opacity":"","overlay-gradient":""},"tablet":{"background-color":"var(--ast-global-color-5)","background-image":"","background-repeat":"repeat","background-position":"center center","background-size":"auto","background-attachment":"scroll","background-type":"","background-media":"","overlay-type":"","overlay-color":"","overlay-opacity":"","overlay-gradient":""},"mobile":{"background-color":"var(--ast-global-color-5)","background-image":"","background-repeat":"repeat","background-position":"center center","background-size":"auto","background-attachment":"scroll","background-type":"","background-media":"","overlay-type":"","overlay-color":"","overlay-opacity":"","overlay-gradient":""}},"footnotes":""},"class_list":["post-3119","page","type-page","status-publish","hentry"],"_links":{"self":[{"href":"https:\/\/onishka.org\/en\/wp-json\/wp\/v2\/pages\/3119","targetHints":{"allow":["GET"]}}],"collection":[{"href":"https:\/\/onishka.org\/en\/wp-json\/wp\/v2\/pages"}],"about":[{"href":"https:\/\/onishka.org\/en\/wp-json\/wp\/v2\/types\/page"}],"author":[{"embeddable":true,"href":"https:\/\/onishka.org\/en\/wp-json\/wp\/v2\/users\/1"}],"replies":[{"embeddable":true,"href":"https:\/\/onishka.org\/en\/wp-json\/wp\/v2\/comments?post=3119"}],"version-history":[{"count":14,"href":"https:\/\/onishka.org\/en\/wp-json\/wp\/v2\/pages\/3119\/revisions"}],"predecessor-version":[{"id":3456,"href":"https:\/\/onishka.org\/en\/wp-json\/wp\/v2\/pages\/3119\/revisions\/3456"}],"wp:attachment":[{"href":"https:\/\/onishka.org\/en\/wp-json\/wp\/v2\/media?parent=3119"}],"curies":[{"name":"wp","href":"https:\/\/api.w.org\/{rel}","templated":true}]}}